{"id":123,"date":"2022-01-11T17:25:45","date_gmt":"2022-01-11T16:25:45","guid":{"rendered":"https:\/\/www.evang-laa.at\/indexa\/?page_id=123"},"modified":"2026-03-12T10:13:07","modified_gmt":"2026-03-12T09:13:07","slug":"willkommen-auf-unserer-seite","status":"publish","type":"page","link":"https:\/\/www.evang-laa.at\/indexa\/","title":{"rendered":""},"content":{"rendered":"<h1 style=\"text-align: center;\"><span style=\"color: #800080;\"><em>\u00a0\u201e<span class=\"ILfuVd\" lang=\"de\"><span class=\"hgKElc pOOWX\"><b>Gott spricht: Siehe, ich mache alles neu!<\/b><\/span><\/span>\u201c (Offenbarung 21,5)<\/em><\/span><\/h1>\r\n<pre style=\"text-align: center;\">Auf Grund einer Urheberrechtsverletzung haben wir viele Fotos gel\u00f6scht. Wir bitten um Verst\u00e4ndnis.<br \/><br \/>Die Termine sind wieder aktuell und im linken Men\u00fc unter \"Termine\" abrufbar.<\/pre>\r\n<p>&nbsp;<\/p>\r\n\r\n\r\n\r\n<div id=\"losung-x\">\u00a0<\/div>\r\n<p><script src=\"https:\/\/tools.ekvw.net\/widgets\/losung_x.js\"><\/script><\/p>\r\n\r\n\r\n","protected":false},"excerpt":{"rendered":"<p>\u00a0\u201eGott spricht: Siehe, ich mache alles neu!\u201c (Offenbarung 21,5) Auf Grund einer Urheberrechtsverletzung haben wir viele Fotos gel\u00f6scht. Wir bitten um Verst\u00e4ndnis.Die Termine sind wieder aktuell und im linken Men\u00fc unter &#8222;Termine&#8220; abrufbar. &nbsp; \u00a0<\/p>\n","protected":false},"author":1,"featured_media":0,"parent":0,"menu_order":0,"comment_status":"closed","ping_status":"closed","template":"","meta":{"_mc_calendar":[],"footnotes":""},"class_list":["post-123","page","type-page","status-publish","hentry"],"_links":{"self":[{"href":"https:\/\/www.evang-laa.at\/indexa\/wp-json\/wp\/v2\/pages\/123","targetHints":{"allow":["GET"]}}],"collection":[{"href":"https:\/\/www.evang-laa.at\/indexa\/wp-json\/wp\/v2\/pages"}],"about":[{"href":"https:\/\/www.evang-laa.at\/indexa\/wp-json\/wp\/v2\/types\/page"}],"author":[{"embeddable":true,"href":"https:\/\/www.evang-laa.at\/indexa\/wp-json\/wp\/v2\/users\/1"}],"replies":[{"embeddable":true,"href":"https:\/\/www.evang-laa.at\/indexa\/wp-json\/wp\/v2\/comments?post=123"}],"version-history":[{"count":27,"href":"https:\/\/www.evang-laa.at\/indexa\/wp-json\/wp\/v2\/pages\/123\/revisions"}],"predecessor-version":[{"id":1918,"href":"https:\/\/www.evang-laa.at\/indexa\/wp-json\/wp\/v2\/pages\/123\/revisions\/1918"}],"wp:attachment":[{"href":"https:\/\/www.evang-laa.at\/indexa\/wp-json\/wp\/v2\/media?parent=123"}],"curies":[{"name":"wp","href":"https:\/\/api.w.org\/{rel}","templated":true}]}}