{"id":1414,"date":"2023-07-22T12:54:08","date_gmt":"2023-07-22T11:54:08","guid":{"rendered":"https:\/\/www.evang-laa.at\/indexa\/?page_id=1414"},"modified":"2023-07-22T12:54:08","modified_gmt":"2023-07-22T11:54:08","slug":"hochzeit","status":"publish","type":"page","link":"https:\/\/www.evang-laa.at\/indexa\/hochzeit\/","title":{"rendered":"Hochzeit"},"content":{"rendered":"<p><img loading=\"lazy\" decoding=\"async\" class=\"alignleft size-medium wp-image-1415\" src=\"https:\/\/www.evang-laa.at\/indexa\/wp-content\/Hochzeit-300x200.jpg\" alt=\"\" width=\"300\" height=\"200\" \/>Sie wollen heiraten? Sie wollen Ihre <strong>Liebe <\/strong>unter den Segen Gottes stellen?<\/p>\n<p>Gerne feiern wir mit Ihnen einen festlichen Hochzeits-Gottesdienst, indem wir um den <strong>Segen Gottes<\/strong> f\u00fcr Ihren gemeinsamen <strong>Weg<\/strong> bitten und Sie einander versprechen ein Leben lang &#8222;in guten und in b\u00f6sen Tagen&#8220; sich die Treue zu halten, einander zu lieben und zu achten.<\/p>\n<p>&nbsp;<\/p>\n<p>Nach erfolgter standesamtlicher Eheschlie\u00dfung kann eine evangelische Trauung stattfinden. Voraussetzung ist, dass\u00a0ein*e Ehepartner*in evangelisch ist.<\/p>\n<p>&nbsp;<\/p>\n<p>Vor der Hochzeit findet mindestens ein gemeinsames Kennenlern- und Vorbereitungstreffen statt. Eine Hochzeit ist etwas sehr Pers\u00f6nliches und soll demnach dem Hochzeitspaar entsprechen. Gemeinsam werden W\u00fcnsche, Ablauf, Musik und m\u00f6gliche Bibeltexte besprochen.<\/p>\n<p>Wenn Sie Fragen haben oder ein Gespr\u00e4ch vereinbaren m\u00f6chten melden Sie sich gerne bei:<\/p>\n<p>&nbsp;<\/p>\n<p>Pfarrerin Florentine Durel<\/p>\n<p>Tel: 0699 18877309<\/p>\n<p>Email: PG.mistelbach@evang.at<\/p>\n","protected":false},"excerpt":{"rendered":"<p>Sie wollen heiraten? Sie wollen Ihre Liebe unter den Segen Gottes stellen? Gerne feiern wir mit Ihnen einen festlichen Hochzeits-Gottesdienst, indem wir um den Segen Gottes f\u00fcr Ihren gemeinsamen Weg bitten und Sie einander versprechen ein Leben lang &#8222;in guten und in b\u00f6sen Tagen&#8220; sich die Treue zu halten, einander zu lieben und zu achten. &hellip; <a href=\"https:\/\/www.evang-laa.at\/indexa\/hochzeit\/\" class=\"more-link\"><span class=\"screen-reader-text\">Hochzeit<\/span> weiterlesen<\/a><\/p>\n","protected":false},"author":1,"featured_media":0,"parent":0,"menu_order":0,"comment_status":"closed","ping_status":"closed","template":"","meta":{"_mc_calendar":[],"footnotes":""},"class_list":["post-1414","page","type-page","status-publish","hentry"],"_links":{"self":[{"href":"https:\/\/www.evang-laa.at\/indexa\/wp-json\/wp\/v2\/pages\/1414","targetHints":{"allow":["GET"]}}],"collection":[{"href":"https:\/\/www.evang-laa.at\/indexa\/wp-json\/wp\/v2\/pages"}],"about":[{"href":"https:\/\/www.evang-laa.at\/indexa\/wp-json\/wp\/v2\/types\/page"}],"author":[{"embeddable":true,"href":"https:\/\/www.evang-laa.at\/indexa\/wp-json\/wp\/v2\/users\/1"}],"replies":[{"embeddable":true,"href":"https:\/\/www.evang-laa.at\/indexa\/wp-json\/wp\/v2\/comments?post=1414"}],"version-history":[{"count":1,"href":"https:\/\/www.evang-laa.at\/indexa\/wp-json\/wp\/v2\/pages\/1414\/revisions"}],"predecessor-version":[{"id":1416,"href":"https:\/\/www.evang-laa.at\/indexa\/wp-json\/wp\/v2\/pages\/1414\/revisions\/1416"}],"wp:attachment":[{"href":"https:\/\/www.evang-laa.at\/indexa\/wp-json\/wp\/v2\/media?parent=1414"}],"curies":[{"name":"wp","href":"https:\/\/api.w.org\/{rel}","templated":true}]}}