{"id":1417,"date":"2023-07-22T12:55:49","date_gmt":"2023-07-22T11:55:49","guid":{"rendered":"https:\/\/www.evang-laa.at\/indexa\/?page_id=1417"},"modified":"2023-07-22T12:55:49","modified_gmt":"2023-07-22T11:55:49","slug":"evangelisch-werden","status":"publish","type":"page","link":"https:\/\/www.evang-laa.at\/indexa\/evangelisch-werden\/","title":{"rendered":"Evangelisch werden"},"content":{"rendered":"<p><img loading=\"lazy\" decoding=\"async\" class=\"alignleft size-medium wp-image-1418\" src=\"https:\/\/www.evang-laa.at\/indexa\/wp-content\/Willkommen-300x225.jpg\" alt=\"\" width=\"300\" height=\"225\" \/>Sie interessieren sich f\u00fcr unsere Kirche und\/oder \u00fcberlegen evangelisch zu werden? Wir freuen uns darauf, Sie <strong>kennenzulernen<\/strong>!<\/p>\n<p><strong>\u00a0<\/strong>Ihr Entschluss ist bereits gefasst? Dann laden wir herzlich zu einem <strong>Eintrittsgespr\u00e4ch<\/strong> ein, bei dem noch eventuelle Fragen gekl\u00e4rt werden k\u00f6nnen und \u00fcberlegt wird, in welcher Art und Weise Sie gerne in die Gemeinde aufgenommen werden m\u00f6chten. Es gibt verschiedene M\u00f6glichkeiten! (z.B. durch eine Feier im Rahmen des Gottesdienstes, aber auch rein durch das Gespr\u00e4ch).<\/p>\n<p>Sie wollen unsere Gemeinde <strong>kennenlernen<\/strong> und Ihre Fragen zur Evangelischen Kirche loswerden? Wir treffen uns gerne auf ein <strong>Gespr\u00e4ch<\/strong>!<\/p>\n<p>Bei Interesse melden Sie sich bei:<\/p>\n<p>&nbsp;<\/p>\n<p>Pfarrerin Florentine Durel<\/p>\n<p>Tel: 0699 18877309<\/p>\n<p>Email: PG.mistelbach@evang.at<\/p>\n","protected":false},"excerpt":{"rendered":"<p>Sie interessieren sich f\u00fcr unsere Kirche und\/oder \u00fcberlegen evangelisch zu werden? Wir freuen uns darauf, Sie kennenzulernen! \u00a0Ihr Entschluss ist bereits gefasst? Dann laden wir herzlich zu einem Eintrittsgespr\u00e4ch ein, bei dem noch eventuelle Fragen gekl\u00e4rt werden k\u00f6nnen und \u00fcberlegt wird, in welcher Art und Weise Sie gerne in die Gemeinde aufgenommen werden m\u00f6chten. Es &hellip; <a href=\"https:\/\/www.evang-laa.at\/indexa\/evangelisch-werden\/\" class=\"more-link\"><span class=\"screen-reader-text\">Evangelisch werden<\/span> weiterlesen<\/a><\/p>\n","protected":false},"author":1,"featured_media":0,"parent":0,"menu_order":0,"comment_status":"closed","ping_status":"closed","template":"","meta":{"_mc_calendar":[],"footnotes":""},"class_list":["post-1417","page","type-page","status-publish","hentry"],"_links":{"self":[{"href":"https:\/\/www.evang-laa.at\/indexa\/wp-json\/wp\/v2\/pages\/1417","targetHints":{"allow":["GET"]}}],"collection":[{"href":"https:\/\/www.evang-laa.at\/indexa\/wp-json\/wp\/v2\/pages"}],"about":[{"href":"https:\/\/www.evang-laa.at\/indexa\/wp-json\/wp\/v2\/types\/page"}],"author":[{"embeddable":true,"href":"https:\/\/www.evang-laa.at\/indexa\/wp-json\/wp\/v2\/users\/1"}],"replies":[{"embeddable":true,"href":"https:\/\/www.evang-laa.at\/indexa\/wp-json\/wp\/v2\/comments?post=1417"}],"version-history":[{"count":1,"href":"https:\/\/www.evang-laa.at\/indexa\/wp-json\/wp\/v2\/pages\/1417\/revisions"}],"predecessor-version":[{"id":1419,"href":"https:\/\/www.evang-laa.at\/indexa\/wp-json\/wp\/v2\/pages\/1417\/revisions\/1419"}],"wp:attachment":[{"href":"https:\/\/www.evang-laa.at\/indexa\/wp-json\/wp\/v2\/media?parent=1417"}],"curies":[{"name":"wp","href":"https:\/\/api.w.org\/{rel}","templated":true}]}}